{"id":13178,"date":"2023-12-06T18:00:40","date_gmt":"2023-12-06T18:00:40","guid":{"rendered":"https:\/\/pivwellness.com\/?post_type=product&#038;p=13178"},"modified":"2023-12-07T16:18:11","modified_gmt":"2023-12-07T16:18:11","slug":"normal-500ml-saline-infusion","status":"publish","type":"product","link":"https:\/\/pivwellness.com\/es\/producto\/normal-500ml-saline-infusion\/","title":{"rendered":"Infusi\u00f3n Salina Normal 500ml"},"content":{"rendered":"<p>Hidrataci\u00f3n con soluci\u00f3n salina normal IV<\/p>","protected":false},"excerpt":{"rendered":"<p>Hidrataci\u00f3n con soluci\u00f3n salina normal IV<\/p>","protected":false},"featured_media":13312,"comment_status":"open","ping_status":"closed","template":"","meta":[],"product_cat":[22],"product_tag":[],"_links":{"self":[{"href":"https:\/\/pivwellness.com\/es\/wp-json\/wp\/v2\/product\/13178"}],"collection":[{"href":"https:\/\/pivwellness.com\/es\/wp-json\/wp\/v2\/product"}],"about":[{"href":"https:\/\/pivwellness.com\/es\/wp-json\/wp\/v2\/types\/product"}],"replies":[{"embeddable":true,"href":"https:\/\/pivwellness.com\/es\/wp-json\/wp\/v2\/comments?post=13178"}],"wp:featuredmedia":[{"embeddable":true,"href":"https:\/\/pivwellness.com\/es\/wp-json\/wp\/v2\/media\/13312"}],"wp:attachment":[{"href":"https:\/\/pivwellness.com\/es\/wp-json\/wp\/v2\/media?parent=13178"}],"wp:term":[{"taxonomy":"product_cat","embeddable":true,"href":"https:\/\/pivwellness.com\/es\/wp-json\/wp\/v2\/product_cat?post=13178"},{"taxonomy":"product_tag","embeddable":true,"href":"https:\/\/pivwellness.com\/es\/wp-json\/wp\/v2\/product_tag?post=13178"}],"curies":[{"name":"wp","href":"https:\/\/api.w.org\/{rel}","templated":true}]}}