{"id":3,"date":"2023-11-18T13:46:29","date_gmt":"2023-11-18T13:46:29","guid":{"rendered":"https:\/\/pivwellness.com\/?page_id=3"},"modified":"2023-12-14T19:02:37","modified_gmt":"2023-12-14T19:02:37","slug":"privacy-policy","status":"publish","type":"page","link":"https:\/\/pivwellness.com\/es\/privacy-policy\/","title":{"rendered":"Pol\u00edtica De Privacidad"},"content":{"rendered":"<div data-elementor-type=\"wp-page\" data-elementor-id=\"3\" class=\"elementor elementor-3\">\n\t\t\t\t\t\t\t\t\t<section class=\"elementor-section elementor-top-section elementor-element elementor-element-2ad4845 elementor-section-stretched elementor-section-content-middle elementor-section-boxed elementor-section-height-default elementor-section-height-default wpr-particle-no wpr-jarallax-no wpr-parallax-no wpr-sticky-section-no\" data-id=\"2ad4845\" data-element_type=\"section\" data-settings=\"{&quot;stretch_section&quot;:&quot;section-stretched&quot;,&quot;background_background&quot;:&quot;classic&quot;}\">\n\t\t\t\t\t\t\t<div class=\"elementor-background-overlay\"><\/div>\n\t\t\t\t\t\t\t<div class=\"elementor-container elementor-column-gap-default\">\n\t\t\t\t\t<div class=\"elementor-column elementor-col-100 elementor-top-column elementor-element elementor-element-43f6f0af\" data-id=\"43f6f0af\" data-element_type=\"column\">\n\t\t\t<div class=\"elementor-widget-wrap elementor-element-populated\">\n\t\t\t\t\t\t\t\t<div class=\"elementor-element elementor-element-54f68e8e elementor-widget elementor-widget-heading\" data-id=\"54f68e8e\" data-element_type=\"widget\" data-widget_type=\"heading.default\">\n\t\t\t\t<div class=\"elementor-widget-container\">\n\t\t\t<style>\/*! elementor - v3.18.0 - 04-12-2023 *\/\n.elementor-heading-title{padding:0;margin:0;line-height:1}.elementor-widget-heading .elementor-heading-title[class*=elementor-size-]>a{color:inherit;font-size:inherit;line-height:inherit}.elementor-widget-heading .elementor-heading-title.elementor-size-small{font-size:15px}.elementor-widget-heading .elementor-heading-title.elementor-size-medium{font-size:19px}.elementor-widget-heading .elementor-heading-title.elementor-size-large{font-size:29px}.elementor-widget-heading .elementor-heading-title.elementor-size-xl{font-size:39px}.elementor-widget-heading .elementor-heading-title.elementor-size-xxl{font-size:59px}<\/style><h1 class=\"elementor-heading-title elementor-size-default\">Pol\u00edtica De Privacidad<\/h1>\t\t<\/div>\n\t\t\t\t<\/div>\n\t\t\t\t\t<\/div>\n\t\t<\/div>\n\t\t\t\t\t\t\t<\/div>\n\t\t<\/section>\n\t\t<div class=\"elementor-element elementor-element-575c62b e-flex e-con-boxed wpr-particle-no wpr-jarallax-no wpr-parallax-no wpr-sticky-section-no e-con e-parent\" data-id=\"575c62b\" data-element_type=\"container\" data-settings=\"{&quot;content_width&quot;:&quot;boxed&quot;}\" data-core-v316-plus=\"true\">\n\t\t\t\t\t<div class=\"e-con-inner\">\n\t\t\t\t<div class=\"elementor-element elementor-element-234eaee elementor-widget elementor-widget-text-editor\" data-id=\"234eaee\" data-element_type=\"widget\" data-widget_type=\"text-editor.default\">\n\t\t\t\t<div class=\"elementor-widget-container\">\n\t\t\t<style>\/*! elementor - v3.18.0 - 04-12-2023 *\/\n.elementor-widget-text-editor.elementor-drop-cap-view-stacked .elementor-drop-cap{background-color:#69727d;color:#fff}.elementor-widget-text-editor.elementor-drop-cap-view-framed .elementor-drop-cap{color:#69727d;border:3px solid;background-color:transparent}.elementor-widget-text-editor:not(.elementor-drop-cap-view-default) .elementor-drop-cap{margin-top:8px}.elementor-widget-text-editor:not(.elementor-drop-cap-view-default) .elementor-drop-cap-letter{width:1em;height:1em}.elementor-widget-text-editor .elementor-drop-cap{float:left;text-align:center;line-height:1;font-size:50px}.elementor-widget-text-editor .elementor-drop-cap-letter{display:inline-block}<\/style>\t\t\t\t<p><em>\u00daltima actualizaci\u00f3n: 14 de diciembre de 2013\u00a0<\/em><\/p>\n<p>\u00a0<\/p>\n<p>Bienvenidos a Palma IV Bienestar. Esta Pol\u00edtica de Privacidad tiene como objetivo brindarle una comprensi\u00f3n integral de c\u00f3mo recopilamos, usamos, divulgamos y protegemos su informaci\u00f3n cuando visita nuestro sitio web <a href=\"https:\/\/pivwellness.com\/es\/\" target=\"_new\">https:\/\/pivwellness.com<\/a> y utiliza nuestros servicios.<\/p>\t\t\t\t\t\t<\/div>\n\t\t\t\t<\/div>\n\t\t\t\t<div class=\"elementor-element elementor-element-ea815a3 elementor-widget elementor-widget-heading\" data-id=\"ea815a3\" data-element_type=\"widget\" data-widget_type=\"heading.default\">\n\t\t\t\t<div class=\"elementor-widget-container\">\n\t\t\t<h3 class=\"elementor-heading-title elementor-size-default\">Informaci\u00f3n que recopilamos<\/h3>\t\t<\/div>\n\t\t\t\t<\/div>\n\t\t\t\t<div class=\"elementor-element elementor-element-81f980f elementor-widget elementor-widget-heading\" data-id=\"81f980f\" data-element_type=\"widget\" data-widget_type=\"heading.default\">\n\t\t\t\t<div class=\"elementor-widget-container\">\n\t\t\t<h4 class=\"elementor-heading-title elementor-size-default\">1. Informaci\u00f3n personal:<\/h4>\t\t<\/div>\n\t\t\t\t<\/div>\n\t\t\t\t<div class=\"elementor-element elementor-element-f5e5b9a elementor-widget elementor-widget-text-editor\" data-id=\"f5e5b9a\" data-element_type=\"widget\" data-widget_type=\"text-editor.default\">\n\t\t\t\t<div class=\"elementor-widget-container\">\n\t\t\t\t\t\t\t<p>Cuando utiliza nuestro formulario de contacto o p\u00e1gina de reservas, podemos recopilar informaci\u00f3n personal como su nombre, direcci\u00f3n de correo electr\u00f3nico, n\u00famero de tel\u00e9fono y otros detalles relevantes. Esta informaci\u00f3n es crucial para brindarle servicios personalizados.<\/p>\t\t\t\t\t\t<\/div>\n\t\t\t\t<\/div>\n\t\t\t\t<div class=\"elementor-element elementor-element-67e1124 elementor-widget elementor-widget-heading\" data-id=\"67e1124\" data-element_type=\"widget\" data-widget_type=\"heading.default\">\n\t\t\t\t<div class=\"elementor-widget-container\">\n\t\t\t<h4 class=\"elementor-heading-title elementor-size-default\">2. Informaci\u00f3n de uso:<\/h4>\t\t<\/div>\n\t\t\t\t<\/div>\n\t\t\t\t<div class=\"elementor-element elementor-element-1977993 elementor-widget elementor-widget-text-editor\" data-id=\"1977993\" data-element_type=\"widget\" data-widget_type=\"text-editor.default\">\n\t\t\t\t<div class=\"elementor-widget-container\">\n\t\t\t\t\t\t\t<p>Recopilamos informaci\u00f3n sobre c\u00f3mo navega e interact\u00faa con nuestro sitio web, incluidas las p\u00e1ginas que visita, los enlaces en los que hace clic y la duraci\u00f3n de su visita. Esto nos ayuda a comprender las preferencias del usuario y mejorar nuestra experiencia en l\u00ednea.<\/p>\t\t\t\t\t\t<\/div>\n\t\t\t\t<\/div>\n\t\t\t\t<div class=\"elementor-element elementor-element-d57b485 elementor-widget elementor-widget-heading\" data-id=\"d57b485\" data-element_type=\"widget\" data-widget_type=\"heading.default\">\n\t\t\t\t<div class=\"elementor-widget-container\">\n\t\t\t<h3 class=\"elementor-heading-title elementor-size-default\">C\u00f3mo utilizamos su informaci\u00f3n<\/h3>\t\t<\/div>\n\t\t\t\t<\/div>\n\t\t\t\t<div class=\"elementor-element elementor-element-f05d5ed elementor-widget elementor-widget-heading\" data-id=\"f05d5ed\" data-element_type=\"widget\" data-widget_type=\"heading.default\">\n\t\t\t\t<div class=\"elementor-widget-container\">\n\t\t\t<h4 class=\"elementor-heading-title elementor-size-default\">1. Prestaci\u00f3n de servicios:<\/h4>\t\t<\/div>\n\t\t\t\t<\/div>\n\t\t\t\t<div class=\"elementor-element elementor-element-b547373 elementor-widget elementor-widget-text-editor\" data-id=\"b547373\" data-element_type=\"widget\" data-widget_type=\"text-editor.default\">\n\t\t\t\t<div class=\"elementor-widget-container\">\n\t\t\t\t\t\t\t<p>Su informaci\u00f3n personal se utiliza para proporcionarle nuestros servicios. Esto incluye responder a sus consultas, procesar reservas de citas y garantizar una experiencia perfecta y personalizada.<\/p>\t\t\t\t\t\t<\/div>\n\t\t\t\t<\/div>\n\t\t\t\t<div class=\"elementor-element elementor-element-4d118bd elementor-widget elementor-widget-heading\" data-id=\"4d118bd\" data-element_type=\"widget\" data-widget_type=\"heading.default\">\n\t\t\t\t<div class=\"elementor-widget-container\">\n\t\t\t<h4 class=\"elementor-heading-title elementor-size-default\">2. Mejora del sitio web:<\/h4>\t\t<\/div>\n\t\t\t\t<\/div>\n\t\t\t\t<div class=\"elementor-element elementor-element-5bdd09f elementor-widget elementor-widget-text-editor\" data-id=\"5bdd09f\" data-element_type=\"widget\" data-widget_type=\"text-editor.default\">\n\t\t\t\t<div class=\"elementor-widget-container\">\n\t\t\t\t\t\t\t<p>Analizamos los datos de uso para mejorar la funcionalidad y la experiencia del usuario de nuestro sitio web. Sus comentarios e interacciones contribuyen a nuestros esfuerzos continuos para optimizar nuestra presencia en l\u00ednea.<\/p>\t\t\t\t\t\t<\/div>\n\t\t\t\t<\/div>\n\t\t\t\t\t<\/div>\n\t\t\t\t<\/div>\n\t\t<div class=\"elementor-element elementor-element-d967995 e-flex e-con-boxed wpr-particle-no wpr-jarallax-no wpr-parallax-no wpr-sticky-section-no e-con e-parent\" data-id=\"d967995\" data-element_type=\"container\" data-settings=\"{&quot;content_width&quot;:&quot;boxed&quot;}\" data-core-v316-plus=\"true\">\n\t\t\t\t\t<div class=\"e-con-inner\">\n\t\t\t\t<div class=\"elementor-element elementor-element-98aaf8f elementor-widget elementor-widget-heading\" data-id=\"98aaf8f\" data-element_type=\"widget\" data-widget_type=\"heading.default\">\n\t\t\t\t<div class=\"elementor-widget-container\">\n\t\t\t<h3 class=\"elementor-heading-title elementor-size-default\">El intercambio de informaci\u00f3n<\/h3>\t\t<\/div>\n\t\t\t\t<\/div>\n\t\t\t\t<div class=\"elementor-element elementor-element-464d95c elementor-widget elementor-widget-heading\" data-id=\"464d95c\" data-element_type=\"widget\" data-widget_type=\"heading.default\">\n\t\t\t\t<div class=\"elementor-widget-container\">\n\t\t\t<h4 class=\"elementor-heading-title elementor-size-default\">1. Servicios de terceros:<\/h4>\t\t<\/div>\n\t\t\t\t<\/div>\n\t\t\t\t<div class=\"elementor-element elementor-element-0cb9cba elementor-widget elementor-widget-text-editor\" data-id=\"0cb9cba\" data-element_type=\"widget\" data-widget_type=\"text-editor.default\">\n\t\t\t\t<div class=\"elementor-widget-container\">\n\t\t\t\t\t\t\t<p>Podemos contratar servicios de terceros para ayudar con el an\u00e1lisis del sitio web, y ellos pueden tener acceso a su informaci\u00f3n para este prop\u00f3sito. Tenga la seguridad de que seleccionamos socios acreditados que cumplen estrictos est\u00e1ndares de privacidad.<\/p>\t\t\t\t\t\t<\/div>\n\t\t\t\t<\/div>\n\t\t\t\t<div class=\"elementor-element elementor-element-cb62c70 elementor-widget elementor-widget-heading\" data-id=\"cb62c70\" data-element_type=\"widget\" data-widget_type=\"heading.default\">\n\t\t\t\t<div class=\"elementor-widget-container\">\n\t\t\t<h4 class=\"elementor-heading-title elementor-size-default\">2. Cumplimiento Legal:<\/h4>\t\t<\/div>\n\t\t\t\t<\/div>\n\t\t\t\t<div class=\"elementor-element elementor-element-e1bd9c4 elementor-widget elementor-widget-text-editor\" data-id=\"e1bd9c4\" data-element_type=\"widget\" data-widget_type=\"text-editor.default\">\n\t\t\t\t<div class=\"elementor-widget-container\">\n\t\t\t\t\t\t\t<p>Podemos divulgar su informaci\u00f3n seg\u00fan lo exija la ley o para proteger nuestros derechos. Esto incluye situaciones en las que dicha divulgaci\u00f3n es necesaria para cumplir con obligaciones legales o responder a procesos legales.<\/p>\t\t\t\t\t\t<\/div>\n\t\t\t\t<\/div>\n\t\t\t\t<div class=\"elementor-element elementor-element-74aab4b elementor-widget elementor-widget-heading\" data-id=\"74aab4b\" data-element_type=\"widget\" data-widget_type=\"heading.default\">\n\t\t\t\t<div class=\"elementor-widget-container\">\n\t\t\t<h3 class=\"elementor-heading-title elementor-size-default\">Seguridad de datos<\/h3>\t\t<\/div>\n\t\t\t\t<\/div>\n\t\t\t\t<div class=\"elementor-element elementor-element-c655a48 elementor-widget elementor-widget-text-editor\" data-id=\"c655a48\" data-element_type=\"widget\" data-widget_type=\"text-editor.default\">\n\t\t\t\t<div class=\"elementor-widget-container\">\n\t\t\t\t\t\t\t<p>Priorizamos la seguridad de tu informaci\u00f3n. Nuestras s\u00f3lidas medidas de seguridad est\u00e1n dise\u00f1adas para evitar el acceso no autorizado, la alteraci\u00f3n, la divulgaci\u00f3n o la destrucci\u00f3n de sus datos.<\/p>\t\t\t\t\t\t<\/div>\n\t\t\t\t<\/div>\n\t\t\t\t<div class=\"elementor-element elementor-element-be28831 elementor-widget elementor-widget-heading\" data-id=\"be28831\" data-element_type=\"widget\" data-widget_type=\"heading.default\">\n\t\t\t\t<div class=\"elementor-widget-container\">\n\t\t\t<h3 class=\"elementor-heading-title elementor-size-default\">Tus opciones<\/h3>\t\t<\/div>\n\t\t\t\t<\/div>\n\t\t\t\t<div class=\"elementor-element elementor-element-0603e64 elementor-widget elementor-widget-text-editor\" data-id=\"0603e64\" data-element_type=\"widget\" data-widget_type=\"text-editor.default\">\n\t\t\t\t<div class=\"elementor-widget-container\">\n\t\t\t\t\t\t\t<p>Tiene derecho a revisar, actualizar y solicitar la eliminaci\u00f3n de su informaci\u00f3n personal. Para ejercer estos derechos o si tiene alguna pregunta sobre nuestras pr\u00e1cticas de privacidad, cont\u00e1ctenos en <a href=\"mailto:info@pivwellness.com\" target=\"_new\">info@pivwellness.com<\/a>.<\/p>\t\t\t\t\t\t<\/div>\n\t\t\t\t<\/div>\n\t\t\t\t<div class=\"elementor-element elementor-element-d81871b elementor-widget elementor-widget-heading\" data-id=\"d81871b\" data-element_type=\"widget\" data-widget_type=\"heading.default\">\n\t\t\t\t<div class=\"elementor-widget-container\">\n\t\t\t<h3 class=\"elementor-heading-title elementor-size-default\">Cambios en la pol\u00edtica de privacidad<\/h3>\t\t<\/div>\n\t\t\t\t<\/div>\n\t\t\t\t<div class=\"elementor-element elementor-element-664ac43 elementor-widget elementor-widget-text-editor\" data-id=\"664ac43\" data-element_type=\"widget\" data-widget_type=\"text-editor.default\">\n\t\t\t\t<div class=\"elementor-widget-container\">\n\t\t\t\t\t\t\t<p>Esta Pol\u00edtica de Privacidad puede actualizarse peri\u00f3dicamente. Le notificaremos cualquier cambio significativo por correo electr\u00f3nico o publicando un aviso destacado en nuestro sitio web.<\/p>\n<p>\u00a0<\/p>\n<p>Al utilizar nuestro sitio web y nuestros servicios, usted acepta los t\u00e9rminos descritos en esta Pol\u00edtica de Privacidad.<\/p>\n<p>\u00a0<\/p>\n<p>Gracias por elegir Palma IV Wellness.<\/p>\t\t\t\t\t\t<\/div>\n\t\t\t\t<\/div>\n\t\t\t\t<div class=\"elementor-element elementor-element-d7ea575 elementor-widget elementor-widget-text-editor\" data-id=\"d7ea575\" data-element_type=\"widget\" data-widget_type=\"text-editor.default\">\n\t\t\t\t<div class=\"elementor-widget-container\">\n\t\t\t\t\t\t\t<p><a style=\"color: #65bdc2;\" href=\"https:\/\/pivwellness.com\/es\/contact\/\" target=\"_new\">Cont\u00e1ctenos<\/a> | <a style=\"color: #65bdc2;\" href=\"https:\/\/squareup.com\/appointments\/book\/198ve7ps60d7ux\/LASPQXB3VM0BB\/start\" target=\"_new\">Reservar ahora<\/a><\/p>\t\t\t\t\t\t<\/div>\n\t\t\t\t<\/div>\n\t\t\t\t\t<\/div>\n\t\t\t\t<\/div>\n\t\t\t\t\t\t\t<\/div>","protected":false},"excerpt":{"rendered":"<p>Privacy Policy Last Updated: December 14, 2013\u00a0 \u00a0 Welcome to Palma IV Wellness. This Privacy Policy aims to provide you with a comprehensive understanding of how we collect, use, disclose, and protect your information when you visit our website https:\/\/pivwellness.com and engage with our services. Information We Collect 1. Personal Information: When you use our [&hellip;]<\/p>","protected":false},"author":1,"featured_media":0,"parent":0,"menu_order":0,"comment_status":"closed","ping_status":"closed","template":"","meta":{"footnotes":""},"_links":{"self":[{"href":"https:\/\/pivwellness.com\/es\/wp-json\/wp\/v2\/pages\/3"}],"collection":[{"href":"https:\/\/pivwellness.com\/es\/wp-json\/wp\/v2\/pages"}],"about":[{"href":"https:\/\/pivwellness.com\/es\/wp-json\/wp\/v2\/types\/page"}],"author":[{"embeddable":true,"href":"https:\/\/pivwellness.com\/es\/wp-json\/wp\/v2\/users\/1"}],"replies":[{"embeddable":true,"href":"https:\/\/pivwellness.com\/es\/wp-json\/wp\/v2\/comments?post=3"}],"version-history":[{"count":16,"href":"https:\/\/pivwellness.com\/es\/wp-json\/wp\/v2\/pages\/3\/revisions"}],"predecessor-version":[{"id":14343,"href":"https:\/\/pivwellness.com\/es\/wp-json\/wp\/v2\/pages\/3\/revisions\/14343"}],"wp:attachment":[{"href":"https:\/\/pivwellness.com\/es\/wp-json\/wp\/v2\/media?parent=3"}],"curies":[{"name":"wp","href":"https:\/\/api.w.org\/{rel}","templated":true}]}}