{"id":14332,"date":"2023-12-14T18:52:44","date_gmt":"2023-12-14T18:52:44","guid":{"rendered":"https:\/\/pivwellness.com\/?page_id=14332"},"modified":"2023-12-14T19:02:18","modified_gmt":"2023-12-14T19:02:18","slug":"hipaa-privacy-policy","status":"publish","type":"page","link":"https:\/\/pivwellness.com\/es\/hipaa-privacy-policy\/","title":{"rendered":"Pol\u00edtica de privacidad de HIPAA"},"content":{"rendered":"<div data-elementor-type=\"wp-page\" data-elementor-id=\"14332\" class=\"elementor elementor-14332\">\n\t\t\t\t\t\t\t\t\t<section class=\"elementor-section elementor-top-section elementor-element elementor-element-2ad4845 elementor-section-stretched elementor-section-content-middle elementor-section-boxed elementor-section-height-default elementor-section-height-default wpr-particle-no wpr-jarallax-no wpr-parallax-no wpr-sticky-section-no\" data-id=\"2ad4845\" data-element_type=\"section\" data-settings=\"{&quot;stretch_section&quot;:&quot;section-stretched&quot;,&quot;background_background&quot;:&quot;classic&quot;}\">\n\t\t\t\t\t\t\t<div class=\"elementor-background-overlay\"><\/div>\n\t\t\t\t\t\t\t<div class=\"elementor-container elementor-column-gap-default\">\n\t\t\t\t\t<div class=\"elementor-column elementor-col-100 elementor-top-column elementor-element elementor-element-43f6f0af\" data-id=\"43f6f0af\" data-element_type=\"column\">\n\t\t\t<div class=\"elementor-widget-wrap elementor-element-populated\">\n\t\t\t\t\t\t\t\t<div class=\"elementor-element elementor-element-54f68e8e elementor-widget elementor-widget-heading\" data-id=\"54f68e8e\" data-element_type=\"widget\" data-widget_type=\"heading.default\">\n\t\t\t\t<div class=\"elementor-widget-container\">\n\t\t\t<style>\/*! elementor - v3.18.0 - 04-12-2023 *\/\n.elementor-heading-title{padding:0;margin:0;line-height:1}.elementor-widget-heading .elementor-heading-title[class*=elementor-size-]>a{color:inherit;font-size:inherit;line-height:inherit}.elementor-widget-heading .elementor-heading-title.elementor-size-small{font-size:15px}.elementor-widget-heading .elementor-heading-title.elementor-size-medium{font-size:19px}.elementor-widget-heading .elementor-heading-title.elementor-size-large{font-size:29px}.elementor-widget-heading .elementor-heading-title.elementor-size-xl{font-size:39px}.elementor-widget-heading .elementor-heading-title.elementor-size-xxl{font-size:59px}<\/style><h1 class=\"elementor-heading-title elementor-size-default\">Pol\u00edtica de privacidad de HIPAA<\/h1>\t\t<\/div>\n\t\t\t\t<\/div>\n\t\t\t\t\t<\/div>\n\t\t<\/div>\n\t\t\t\t\t\t\t<\/div>\n\t\t<\/section>\n\t\t<div class=\"elementor-element elementor-element-575c62b e-flex e-con-boxed wpr-particle-no wpr-jarallax-no wpr-parallax-no wpr-sticky-section-no e-con e-parent\" data-id=\"575c62b\" data-element_type=\"container\" data-settings=\"{&quot;content_width&quot;:&quot;boxed&quot;}\" data-core-v316-plus=\"true\">\n\t\t\t\t\t<div class=\"e-con-inner\">\n\t\t\t\t<div class=\"elementor-element elementor-element-234eaee elementor-widget elementor-widget-text-editor\" data-id=\"234eaee\" data-element_type=\"widget\" data-widget_type=\"text-editor.default\">\n\t\t\t\t<div class=\"elementor-widget-container\">\n\t\t\t<style>\/*! elementor - v3.18.0 - 04-12-2023 *\/\n.elementor-widget-text-editor.elementor-drop-cap-view-stacked .elementor-drop-cap{background-color:#69727d;color:#fff}.elementor-widget-text-editor.elementor-drop-cap-view-framed .elementor-drop-cap{color:#69727d;border:3px solid;background-color:transparent}.elementor-widget-text-editor:not(.elementor-drop-cap-view-default) .elementor-drop-cap{margin-top:8px}.elementor-widget-text-editor:not(.elementor-drop-cap-view-default) .elementor-drop-cap-letter{width:1em;height:1em}.elementor-widget-text-editor .elementor-drop-cap{float:left;text-align:center;line-height:1;font-size:50px}.elementor-widget-text-editor .elementor-drop-cap-letter{display:inline-block}<\/style>\t\t\t\t<p><em>\u00daltima actualizaci\u00f3n: 14 de diciembre de 2013\u00a0<\/em><\/p><p>\u00a0<\/p><p>Bienvenidos a Palma IV Bienestar. Nuestro compromiso de proteger su privacidad y manejar su informaci\u00f3n m\u00e9dica protegida (PHI) con el m\u00e1ximo cuidado es primordial. Esta Pol\u00edtica de Privacidad de HIPAA describe las medidas que tomamos para cumplir con la Ley de Responsabilidad y Portabilidad del Seguro M\u00e9dico (HIPAA) cuando usted interact\u00faa con nuestros servicios de atenci\u00f3n m\u00e9dica a trav\u00e9s de nuestro sitio web https:\/\/dev.pivwellness.com . <a href=\"https:\/\/pivwellness.com\/es\/\" target=\"_new\">https:\/\/pivwellness.com<\/a>.<\/p>\t\t\t\t\t\t<\/div>\n\t\t\t\t<\/div>\n\t\t\t\t<div class=\"elementor-element elementor-element-ea815a3 elementor-widget elementor-widget-heading\" data-id=\"ea815a3\" data-element_type=\"widget\" data-widget_type=\"heading.default\">\n\t\t\t\t<div class=\"elementor-widget-container\">\n\t\t\t<h3 class=\"elementor-heading-title elementor-size-default\">Informaci\u00f3n de salud protegida (PHI)<\/h3>\t\t<\/div>\n\t\t\t\t<\/div>\n\t\t\t\t<div class=\"elementor-element elementor-element-81f980f elementor-widget elementor-widget-heading\" data-id=\"81f980f\" data-element_type=\"widget\" data-widget_type=\"heading.default\">\n\t\t\t\t<div class=\"elementor-widget-container\">\n\t\t\t<h4 class=\"elementor-heading-title elementor-size-default\">1. Recopilaci\u00f3n de PHI:<\/h4>\t\t<\/div>\n\t\t\t\t<\/div>\n\t\t\t\t<div class=\"elementor-element elementor-element-f5e5b9a elementor-widget elementor-widget-text-editor\" data-id=\"f5e5b9a\" data-element_type=\"widget\" data-widget_type=\"text-editor.default\">\n\t\t\t\t<div class=\"elementor-widget-container\">\n\t\t\t\t\t\t\t<p>Palma IV Wellness puede recopilar PHI a trav\u00e9s de nuestro formulario de contacto y p\u00e1gina de reservas. Esto garantiza que tengamos la informaci\u00f3n completa necesaria para brindarle servicios de atenci\u00f3n m\u00e9dica de la m\u00e1s alta calidad. Esto puede incluir datos personales, historial m\u00e9dico y otra informaci\u00f3n pertinente.<\/p>\t\t\t\t\t\t<\/div>\n\t\t\t\t<\/div>\n\t\t\t\t<div class=\"elementor-element elementor-element-67e1124 elementor-widget elementor-widget-heading\" data-id=\"67e1124\" data-element_type=\"widget\" data-widget_type=\"heading.default\">\n\t\t\t\t<div class=\"elementor-widget-container\">\n\t\t\t<h4 class=\"elementor-heading-title elementor-size-default\">2. Uso y divulgaci\u00f3n de PHI:<\/h4>\t\t<\/div>\n\t\t\t\t<\/div>\n\t\t\t\t<div class=\"elementor-element elementor-element-1977993 elementor-widget elementor-widget-text-editor\" data-id=\"1977993\" data-element_type=\"widget\" data-widget_type=\"text-editor.default\">\n\t\t\t\t<div class=\"elementor-widget-container\">\n\t\t\t\t\t\t\t<p>La PHI recopilada se utiliza \u00fanicamente con fines de tratamiento, pago y operaciones de atenci\u00f3n m\u00e9dica. Esto incluye recordatorios de citas, facturaci\u00f3n, coordinaci\u00f3n de la atenci\u00f3n entre proveedores de atenci\u00f3n m\u00e9dica y otros aspectos esenciales de la gesti\u00f3n de la atenci\u00f3n m\u00e9dica.<\/p>\t\t\t\t\t\t<\/div>\n\t\t\t\t<\/div>\n\t\t\t\t<div class=\"elementor-element elementor-element-d57b485 elementor-widget elementor-widget-heading\" data-id=\"d57b485\" data-element_type=\"widget\" data-widget_type=\"heading.default\">\n\t\t\t\t<div class=\"elementor-widget-container\">\n\t\t\t<h3 class=\"elementor-heading-title elementor-size-default\">Protecci\u00f3n de la PHI<\/h3>\t\t<\/div>\n\t\t\t\t<\/div>\n\t\t\t\t<div class=\"elementor-element elementor-element-f05d5ed elementor-widget elementor-widget-heading\" data-id=\"f05d5ed\" data-element_type=\"widget\" data-widget_type=\"heading.default\">\n\t\t\t\t<div class=\"elementor-widget-container\">\n\t\t\t<h4 class=\"elementor-heading-title elementor-size-default\">1. Medidas de Seguridad:<\/h4>\t\t<\/div>\n\t\t\t\t<\/div>\n\t\t\t\t<div class=\"elementor-element elementor-element-b547373 elementor-widget elementor-widget-text-editor\" data-id=\"b547373\" data-element_type=\"widget\" data-widget_type=\"text-editor.default\">\n\t\t\t\t<div class=\"elementor-widget-container\">\n\t\t\t\t\t\t\t<p>Palma IV Wellness employs robust security measures to safeguard your PHI. These measures include advanced encryption techniques, access controls, and secure storage facilities, ensuring the confidentiality and integrity of your health information.<\/p>\t\t\t\t\t\t<\/div>\n\t\t\t\t<\/div>\n\t\t\t\t<div class=\"elementor-element elementor-element-4d118bd elementor-widget elementor-widget-heading\" data-id=\"4d118bd\" data-element_type=\"widget\" data-widget_type=\"heading.default\">\n\t\t\t\t<div class=\"elementor-widget-container\">\n\t\t\t<h4 class=\"elementor-heading-title elementor-size-default\">2. Capacitaci\u00f3n de los empleados:<\/h4>\t\t<\/div>\n\t\t\t\t<\/div>\n\t\t\t\t<div class=\"elementor-element elementor-element-5bdd09f elementor-widget elementor-widget-text-editor\" data-id=\"5bdd09f\" data-element_type=\"widget\" data-widget_type=\"text-editor.default\">\n\t\t\t\t<div class=\"elementor-widget-container\">\n\t\t\t\t\t\t\t<p>Nuestro personal dedicado recibe capacitaci\u00f3n peri\u00f3dica sobre el cumplimiento de HIPAA para garantizar el manejo adecuado de la PHI. Esta capacitaci\u00f3n cubre el conocimiento de los protocolos de seguridad, los acuerdos de confidencialidad y la importancia de mantener la privacidad del paciente.<\/p>\t\t\t\t\t\t<\/div>\n\t\t\t\t<\/div>\n\t\t\t\t\t<\/div>\n\t\t\t\t<\/div>\n\t\t<div class=\"elementor-element elementor-element-d967995 e-flex e-con-boxed wpr-particle-no wpr-jarallax-no wpr-parallax-no wpr-sticky-section-no e-con e-parent\" data-id=\"d967995\" data-element_type=\"container\" data-settings=\"{&quot;content_width&quot;:&quot;boxed&quot;}\" data-core-v316-plus=\"true\">\n\t\t\t\t\t<div class=\"e-con-inner\">\n\t\t\t\t<div class=\"elementor-element elementor-element-98aaf8f elementor-widget elementor-widget-heading\" data-id=\"98aaf8f\" data-element_type=\"widget\" data-widget_type=\"heading.default\">\n\t\t\t\t<div class=\"elementor-widget-container\">\n\t\t\t<h3 class=\"elementor-heading-title elementor-size-default\">Derechos del paciente<\/h3>\t\t<\/div>\n\t\t\t\t<\/div>\n\t\t\t\t<div class=\"elementor-element elementor-element-464d95c elementor-widget elementor-widget-heading\" data-id=\"464d95c\" data-element_type=\"widget\" data-widget_type=\"heading.default\">\n\t\t\t\t<div class=\"elementor-widget-container\">\n\t\t\t<h4 class=\"elementor-heading-title elementor-size-default\">1. Acceso a la PHI:<\/h4>\t\t<\/div>\n\t\t\t\t<\/div>\n\t\t\t\t<div class=\"elementor-element elementor-element-0cb9cba elementor-widget elementor-widget-text-editor\" data-id=\"0cb9cba\" data-element_type=\"widget\" data-widget_type=\"text-editor.default\">\n\t\t\t\t<div class=\"elementor-widget-container\">\n\t\t\t\t\t\t\t<p>Los pacientes tienen derecho a acceder a su propia PHI y pueden solicitar copias de sus registros m\u00e9dicos. Palma IV Wellness se compromete a brindar a los pacientes un acceso conveniente a su informaci\u00f3n de salud manteniendo las medidas de seguridad necesarias.<\/p>\t\t\t\t\t\t<\/div>\n\t\t\t\t<\/div>\n\t\t\t\t<div class=\"elementor-element elementor-element-cb62c70 elementor-widget elementor-widget-heading\" data-id=\"cb62c70\" data-element_type=\"widget\" data-widget_type=\"heading.default\">\n\t\t\t\t<div class=\"elementor-widget-container\">\n\t\t\t<h4 class=\"elementor-heading-title elementor-size-default\">2. Restricciones de solicitud:<\/h4>\t\t<\/div>\n\t\t\t\t<\/div>\n\t\t\t\t<div class=\"elementor-element elementor-element-e1bd9c4 elementor-widget elementor-widget-text-editor\" data-id=\"e1bd9c4\" data-element_type=\"widget\" data-widget_type=\"text-editor.default\">\n\t\t\t\t<div class=\"elementor-widget-container\">\n\t\t\t\t\t\t\t<p>Los pacientes pueden solicitar restricciones sobre el uso o divulgaci\u00f3n de su PHI. Si bien respetamos estas solicitudes siempre que sea posible, Palma IV Wellness se reserva el derecho de rechazar ciertas solicitudes de conformidad con las regulaciones de HIPAA.<\/p>\t\t\t\t\t\t<\/div>\n\t\t\t\t<\/div>\n\t\t\t\t<div class=\"elementor-element elementor-element-74aab4b elementor-widget elementor-widget-heading\" data-id=\"74aab4b\" data-element_type=\"widget\" data-widget_type=\"heading.default\">\n\t\t\t\t<div class=\"elementor-widget-container\">\n\t\t\t<h3 class=\"elementor-heading-title elementor-size-default\">Informar violaciones de HIPAA<\/h3>\t\t<\/div>\n\t\t\t\t<\/div>\n\t\t\t\t<div class=\"elementor-element elementor-element-91cf630 elementor-widget elementor-widget-heading\" data-id=\"91cf630\" data-element_type=\"widget\" data-widget_type=\"heading.default\">\n\t\t\t\t<div class=\"elementor-widget-container\">\n\t\t\t<h4 class=\"elementor-heading-title elementor-size-default\">1. Procedimiento de presentaci\u00f3n de informes:<\/h4>\t\t<\/div>\n\t\t\t\t<\/div>\n\t\t\t\t<div class=\"elementor-element elementor-element-c655a48 elementor-widget elementor-widget-text-editor\" data-id=\"c655a48\" data-element_type=\"widget\" data-widget_type=\"text-editor.default\">\n\t\t\t\t<div class=\"elementor-widget-container\">\n\t\t\t\t\t\t\t<p>Palma IV Wellness ha establecido un procedimiento de denuncia claro para cualquier infracci\u00f3n real o sospechada de HIPAA. Los informes se pueden realizar a nuestro Oficial de Privacidad designado en info@dev.pivwellness.com . <a href=\"mailto:privacy@pivwellness.com\" target=\"_new\">info@pivwellness.com<\/a>.<\/p>\t\t\t\t\t\t<\/div>\n\t\t\t\t<\/div>\n\t\t\t\t<div class=\"elementor-element elementor-element-813c817 elementor-widget elementor-widget-heading\" data-id=\"813c817\" data-element_type=\"widget\" data-widget_type=\"heading.default\">\n\t\t\t\t<div class=\"elementor-widget-container\">\n\t\t\t<h4 class=\"elementor-heading-title elementor-size-default\">2. Investigaci\u00f3n y Mitigaci\u00f3n:<\/h4>\t\t<\/div>\n\t\t\t\t<\/div>\n\t\t\t\t<div class=\"elementor-element elementor-element-0603e64 elementor-widget elementor-widget-text-editor\" data-id=\"0603e64\" data-element_type=\"widget\" data-widget_type=\"text-editor.default\">\n\t\t\t\t<div class=\"elementor-widget-container\">\n\t\t\t\t\t\t\t<p>Al recibir informes de posibles infracciones, Palma IV Wellness lleva a cabo investigaciones inmediatas e implementa las acciones correctivas adecuadas. Estas medidas se toman para mitigar los riesgos y prevenir sucesos futuros, garantizando la seguridad continua de la informaci\u00f3n del paciente.<\/p>\t\t\t\t\t\t<\/div>\n\t\t\t\t<\/div>\n\t\t\t\t<div class=\"elementor-element elementor-element-d81871b elementor-widget elementor-widget-heading\" data-id=\"d81871b\" data-element_type=\"widget\" data-widget_type=\"heading.default\">\n\t\t\t\t<div class=\"elementor-widget-container\">\n\t\t\t<h3 class=\"elementor-heading-title elementor-size-default\">Cambios en la pol\u00edtica de privacidad de HIPAA<\/h3>\t\t<\/div>\n\t\t\t\t<\/div>\n\t\t\t\t<div class=\"elementor-element elementor-element-664ac43 elementor-widget elementor-widget-text-editor\" data-id=\"664ac43\" data-element_type=\"widget\" data-widget_type=\"text-editor.default\">\n\t\t\t\t<div class=\"elementor-widget-container\">\n\t\t\t\t\t\t\t<p>Esta Pol\u00edtica de Privacidad de HIPAA puede actualizarse peri\u00f3dicamente para reflejar cambios en las regulaciones o nuestras pr\u00e1cticas. Los pacientes ser\u00e1n notificados de cualquier cambio significativo seg\u00fan lo exige la ley.<\/p>\t\t\t\t\t\t<\/div>\n\t\t\t\t<\/div>\n\t\t\t\t<div class=\"elementor-element elementor-element-4b0ec05 elementor-widget elementor-widget-heading\" data-id=\"4b0ec05\" data-element_type=\"widget\" data-widget_type=\"heading.default\">\n\t\t\t\t<div class=\"elementor-widget-container\">\n\t\t\t<h4 class=\"elementor-heading-title elementor-size-default\">Reconocimiento y Acuerdo:<\/h4>\t\t<\/div>\n\t\t\t\t<\/div>\n\t\t\t\t<div class=\"elementor-element elementor-element-d3f7c6f elementor-widget elementor-widget-text-editor\" data-id=\"d3f7c6f\" data-element_type=\"widget\" data-widget_type=\"text-editor.default\">\n\t\t\t\t<div class=\"elementor-widget-container\">\n\t\t\t\t\t\t\t<p>Al utilizar nuestros servicios de atenci\u00f3n m\u00e9dica y proporcionar PHI, usted reconoce y acepta los t\u00e9rminos descritos en esta Pol\u00edtica de privacidad de HIPAA.<\/p>\t\t\t\t\t\t<\/div>\n\t\t\t\t<\/div>\n\t\t\t\t<div class=\"elementor-element elementor-element-d7ea575 elementor-widget elementor-widget-text-editor\" data-id=\"d7ea575\" data-element_type=\"widget\" data-widget_type=\"text-editor.default\">\n\t\t\t\t<div class=\"elementor-widget-container\">\n\t\t\t\t\t\t\t<a style=\"color: #65bdc2;\" href=\"https:\/\/pivwellness.com\/es\/contact\/\" target=\"_new\"><strong>Informaci\u00f3n de contacto:<\/strong><\/a>\n\n<a style=\"color: #65bdc2;\" href=\"https:\/\/pivwellness.com\/es\/contact\/\" target=\"_new\">Cont\u00e1ctenos<\/a> | <a style=\"color: #65bdc2;\" href=\"https:\/\/squareup.com\/appointments\/book\/198ve7ps60d7ux\/LASPQXB3VM0BB\/start\" target=\"_new\">Reservar ahora<\/a>\t\t\t\t\t\t<\/div>\n\t\t\t\t<\/div>\n\t\t\t\t\t<\/div>\n\t\t\t\t<\/div>\n\t\t\t\t\t\t\t<\/div>","protected":false},"excerpt":{"rendered":"<p>HIPAA Privacy Policy Last Updated: December 14, 2013\u00a0 \u00a0 Welcome to Palma IV Wellness. Our commitment to protecting your privacy and handling your protected health information (PHI) with the utmost care is paramount. This HIPAA Privacy Policy outlines the measures we take to comply with the Health Insurance Portability and Accountability Act (HIPAA) when you [&hellip;]<\/p>","protected":false},"author":1,"featured_media":0,"parent":0,"menu_order":0,"comment_status":"closed","ping_status":"closed","template":"","meta":{"footnotes":""},"_links":{"self":[{"href":"https:\/\/pivwellness.com\/es\/wp-json\/wp\/v2\/pages\/14332"}],"collection":[{"href":"https:\/\/pivwellness.com\/es\/wp-json\/wp\/v2\/pages"}],"about":[{"href":"https:\/\/pivwellness.com\/es\/wp-json\/wp\/v2\/types\/page"}],"author":[{"embeddable":true,"href":"https:\/\/pivwellness.com\/es\/wp-json\/wp\/v2\/users\/1"}],"replies":[{"embeddable":true,"href":"https:\/\/pivwellness.com\/es\/wp-json\/wp\/v2\/comments?post=14332"}],"version-history":[{"count":7,"href":"https:\/\/pivwellness.com\/es\/wp-json\/wp\/v2\/pages\/14332\/revisions"}],"predecessor-version":[{"id":14340,"href":"https:\/\/pivwellness.com\/es\/wp-json\/wp\/v2\/pages\/14332\/revisions\/14340"}],"wp:attachment":[{"href":"https:\/\/pivwellness.com\/es\/wp-json\/wp\/v2\/media?parent=14332"}],"curies":[{"name":"wp","href":"https:\/\/api.w.org\/{rel}","templated":true}]}}