{"id":13465,"date":"2023-12-07T18:46:55","date_gmt":"2023-12-07T18:46:55","guid":{"rendered":"https:\/\/pivwellness.com\/?page_id=13465"},"modified":"2023-12-20T20:34:18","modified_gmt":"2023-12-20T20:34:18","slug":"neurotoxin-xeomin","status":"publish","type":"page","link":"https:\/\/pivwellness.com\/es\/neurotoxin-xeomin\/","title":{"rendered":"Neurotoxina Xeomin"},"content":{"rendered":"<div data-elementor-type=\"wp-page\" data-elementor-id=\"13465\" class=\"elementor elementor-13465\">\n\t\t\t\t\t\t\t\t\t<section class=\"elementor-section elementor-top-section elementor-element elementor-element-758bdc49 elementor-section-stretched elementor-section-content-middle elementor-section-boxed elementor-section-height-default elementor-section-height-default wpr-particle-no wpr-jarallax-no wpr-parallax-no wpr-sticky-section-no\" data-id=\"758bdc49\" data-element_type=\"section\" data-settings=\"{&quot;stretch_section&quot;:&quot;section-stretched&quot;,&quot;background_background&quot;:&quot;classic&quot;}\">\n\t\t\t\t\t\t\t<div class=\"elementor-background-overlay\"><\/div>\n\t\t\t\t\t\t\t<div class=\"elementor-container elementor-column-gap-default\">\n\t\t\t\t\t<div class=\"elementor-column elementor-col-100 elementor-top-column elementor-element elementor-element-907c0fa\" data-id=\"907c0fa\" data-element_type=\"column\">\n\t\t\t<div class=\"elementor-widget-wrap elementor-element-populated\">\n\t\t\t\t\t\t\t\t<div class=\"elementor-element elementor-element-2e1becb6 elementor-widget elementor-widget-heading\" data-id=\"2e1becb6\" data-element_type=\"widget\" data-widget_type=\"heading.default\">\n\t\t\t\t<div class=\"elementor-widget-container\">\n\t\t\t<style>\/*! elementor - v3.18.0 - 04-12-2023 *\/\n.elementor-heading-title{padding:0;margin:0;line-height:1}.elementor-widget-heading .elementor-heading-title[class*=elementor-size-]>a{color:inherit;font-size:inherit;line-height:inherit}.elementor-widget-heading .elementor-heading-title.elementor-size-small{font-size:15px}.elementor-widget-heading .elementor-heading-title.elementor-size-medium{font-size:19px}.elementor-widget-heading .elementor-heading-title.elementor-size-large{font-size:29px}.elementor-widget-heading .elementor-heading-title.elementor-size-xl{font-size:39px}.elementor-widget-heading .elementor-heading-title.elementor-size-xxl{font-size:59px}<\/style><h1 class=\"elementor-heading-title elementor-size-default\">Neurotoxina Xeomin<\/h1>\t\t<\/div>\n\t\t\t\t<\/div>\n\t\t\t\t\t<\/div>\n\t\t<\/div>\n\t\t\t\t\t\t\t<\/div>\n\t\t<\/section>\n\t\t\t\t<section class=\"elementor-section elementor-top-section elementor-element elementor-element-6139d666 elementor-section-content-middle elementor-section-stretched elementor-section-boxed elementor-section-height-default elementor-section-height-default wpr-particle-no wpr-jarallax-no wpr-parallax-no wpr-sticky-section-no\" data-id=\"6139d666\" data-element_type=\"section\" data-settings=\"{&quot;stretch_section&quot;:&quot;section-stretched&quot;,&quot;background_background&quot;:&quot;classic&quot;}\">\n\t\t\t\t\t\t\t<div class=\"elementor-background-overlay\"><\/div>\n\t\t\t\t\t\t\t<div class=\"elementor-container elementor-column-gap-default\">\n\t\t\t\t\t<div class=\"elementor-column elementor-col-50 elementor-top-column elementor-element elementor-element-205bc99a\" data-id=\"205bc99a\" data-element_type=\"column\">\n\t\t\t<div class=\"elementor-widget-wrap elementor-element-populated\">\n\t\t\t\t\t\t\t\t<div class=\"elementor-element elementor-element-3ff76af elementor-button-info elementor-widget__width-auto elementor-mobile-align-center elementor-widget elementor-widget-button\" data-id=\"3ff76af\" data-element_type=\"widget\" data-widget_type=\"button.default\">\n\t\t\t\t<div class=\"elementor-widget-container\">\n\t\t\t\t\t<div class=\"elementor-button-wrapper\">\n\t\t\t<a class=\"elementor-button elementor-button-link elementor-size-sm\" href=\"#\">\n\t\t\t\t\t\t<span class=\"elementor-button-content-wrapper\">\n\t\t\t\t\t\t<span class=\"elementor-button-text\">DESCUBRE XEOMIN<\/span>\n\t\t<\/span>\n\t\t\t\t\t<\/a>\n\t\t<\/div>\n\t\t\t\t<\/div>\n\t\t\t\t<\/div>\n\t\t\t\t<div class=\"elementor-element elementor-element-3b6d9301 elementor-widget elementor-widget-heading\" data-id=\"3b6d9301\" data-element_type=\"widget\" data-widget_type=\"heading.default\">\n\t\t\t\t<div class=\"elementor-widget-container\">\n\t\t\t<h2 class=\"elementor-heading-title elementor-size-default\">Tratamiento revolucionario con neurotoxinas<\/h2>\t\t<\/div>\n\t\t\t\t<\/div>\n\t\t\t\t<section class=\"elementor-section elementor-inner-section elementor-element elementor-element-4c08dc6c elementor-section-boxed elementor-section-height-default elementor-section-height-default wpr-particle-no wpr-jarallax-no wpr-parallax-no wpr-sticky-section-no\" data-id=\"4c08dc6c\" data-element_type=\"section\">\n\t\t\t\t\t\t<div class=\"elementor-container elementor-column-gap-default\">\n\t\t\t\t\t<div class=\"elementor-column elementor-col-100 elementor-inner-column elementor-element elementor-element-39dfac10\" data-id=\"39dfac10\" data-element_type=\"column\">\n\t\t\t<div class=\"elementor-widget-wrap elementor-element-populated\">\n\t\t\t\t\t\t\t\t<div class=\"elementor-element elementor-element-3707696c elementor-widget elementor-widget-heading\" data-id=\"3707696c\" data-element_type=\"widget\" data-widget_type=\"heading.default\">\n\t\t\t\t<div class=\"elementor-widget-container\">\n\t\t\t<p class=\"elementor-heading-title elementor-size-default\">Palma IV Wellness se enorgullece de presentar Xeomin, una soluci\u00f3n no quir\u00fargica de vanguardia que trasciende las ofertas de bienestar tradicionales. M\u00e9dicos especializados administran Xeomin para disminuir las l\u00edneas finas y las arrugas, proporcionando una apariencia fresca y juvenil. M\u00e1s all\u00e1 de los beneficios cosm\u00e9ticos, Xeomin muestra resultados prometedores en el control de afecciones m\u00e9dicas como las migra\u00f1as cr\u00f3nicas y la ATM. Al priorizar su bienestar, nuestro equipo de expertos combina a la perfecci\u00f3n la est\u00e9tica y el bienestar para mejorar tanto su apariencia como su salud en general.<\/p>\t\t<\/div>\n\t\t\t\t<\/div>\n\t\t\t\t\t<\/div>\n\t\t<\/div>\n\t\t\t\t\t\t\t<\/div>\n\t\t<\/section>\n\t\t\t\t\t<\/div>\n\t\t<\/div>\n\t\t\t\t<div class=\"elementor-column elementor-col-50 elementor-top-column elementor-element elementor-element-5cb4991c\" data-id=\"5cb4991c\" data-element_type=\"column\" data-settings=\"{&quot;background_background&quot;:&quot;classic&quot;}\">\n\t\t\t<div class=\"elementor-widget-wrap elementor-element-populated\">\n\t\t\t\t\t<div class=\"elementor-background-overlay\"><\/div>\n\t\t\t\t\t\t\t\t<div class=\"elementor-element elementor-element-889a0cc elementor-widget elementor-widget-elementskit-image-comparison\" data-id=\"889a0cc\" data-element_type=\"widget\" data-widget_type=\"elementskit-image-comparison.default\">\n\t\t\t\t<div class=\"elementor-widget-container\">\n\t\t\t<div class=\"ekit-wid-con\" >\n        <div class=\"elementskit-image-comparison image-comparison-container\" \n\t   data-offset= \"0.47\" \n\t   data-overlay= \"\" \n\t   data-label_after= \"After\" \n\t   data-label_before= \"Before\" \n\t   data-move_slider_on_hover= \"\" \n\t   data-click_to_move= \"\" \n\t   >\n            <img decoding=\"async\" src=\"https:\/\/pivwellness.com\/wp-content\/uploads\/2023\/12\/before-1.jpg\" title=\"antes de\" alt=\"before\" loading=\"lazy\" \/><img decoding=\"async\" src=\"https:\/\/pivwellness.com\/wp-content\/uploads\/2023\/12\/after.jpg\" title=\"despu\u00e9s de\" alt=\"after\" loading=\"lazy\" \/>        <\/div>\n\n    <\/div>\t\t<\/div>\n\t\t\t\t<\/div>\n\t\t\t\t\t<\/div>\n\t\t<\/div>\n\t\t\t\t\t\t\t<\/div>\n\t\t<\/section>\n\t\t\t\t<section class=\"elementor-section elementor-top-section elementor-element elementor-element-264b5ef5 elementor-section-content-middle elementor-section-stretched elementor-section-boxed elementor-section-height-default elementor-section-height-default wpr-particle-no wpr-jarallax-no wpr-parallax-no wpr-sticky-section-no\" data-id=\"264b5ef5\" data-element_type=\"section\" data-settings=\"{&quot;stretch_section&quot;:&quot;section-stretched&quot;,&quot;background_background&quot;:&quot;classic&quot;}\">\n\t\t\t\t\t\t\t<div class=\"elementor-background-overlay\"><\/div>\n\t\t\t\t\t\t\t<div class=\"elementor-container elementor-column-gap-default\">\n\t\t\t\t\t<div class=\"elementor-column elementor-col-50 elementor-top-column elementor-element elementor-element-1db12f3c\" data-id=\"1db12f3c\" data-element_type=\"column\" data-settings=\"{&quot;background_background&quot;:&quot;classic&quot;}\">\n\t\t\t<div class=\"elementor-widget-wrap elementor-element-populated\">\n\t\t\t\t\t\t\t\t<div class=\"elementor-element elementor-element-7d1e77f elementor-widget elementor-widget-elementskit-image-comparison\" data-id=\"7d1e77f\" data-element_type=\"widget\" data-widget_type=\"elementskit-image-comparison.default\">\n\t\t\t\t<div class=\"elementor-widget-container\">\n\t\t\t<div class=\"ekit-wid-con\" >\n        <div class=\"elementskit-image-comparison image-comparison-container\" \n\t   data-offset= \"0.47\" \n\t   data-overlay= \"\" \n\t   data-label_after= \"After\" \n\t   data-label_before= \"Before\" \n\t   data-move_slider_on_hover= \"\" \n\t   data-click_to_move= \"\" \n\t   >\n            <img decoding=\"async\" src=\"https:\/\/pivwellness.com\/wp-content\/uploads\/2023\/12\/pr-08-2.jpg\" title=\"pr-08 (2)\" alt=\"pr-08 (2)\" loading=\"lazy\" \/><img decoding=\"async\" src=\"https:\/\/pivwellness.com\/wp-content\/uploads\/2023\/12\/before-after.jpg\" title=\"el antes y el despu\u00e9s\" alt=\"before-after\" loading=\"lazy\" \/>        <\/div>\n\n    <\/div>\t\t<\/div>\n\t\t\t\t<\/div>\n\t\t\t\t\t<\/div>\n\t\t<\/div>\n\t\t\t\t<div class=\"elementor-column elementor-col-50 elementor-top-column elementor-element elementor-element-1b12b62c\" data-id=\"1b12b62c\" data-element_type=\"column\">\n\t\t\t<div class=\"elementor-widget-wrap elementor-element-populated\">\n\t\t\t\t\t\t\t\t<div class=\"elementor-element elementor-element-fc96319 elementor-button-info elementor-widget__width-auto elementor-widget elementor-widget-button\" data-id=\"fc96319\" data-element_type=\"widget\" data-widget_type=\"button.default\">\n\t\t\t\t<div class=\"elementor-widget-container\">\n\t\t\t\t\t<div class=\"elementor-button-wrapper\">\n\t\t\t<a class=\"elementor-button elementor-button-link elementor-size-sm\" href=\"#\">\n\t\t\t\t\t\t<span class=\"elementor-button-content-wrapper\">\n\t\t\t\t\t\t<span class=\"elementor-button-text\">BENEFICIOS M\u00c9DICOS HOL\u00cdSTICOS<\/span>\n\t\t<\/span>\n\t\t\t\t\t<\/a>\n\t\t<\/div>\n\t\t\t\t<\/div>\n\t\t\t\t<\/div>\n\t\t\t\t<div class=\"elementor-element elementor-element-4875ece9 elementor-widget elementor-widget-heading\" data-id=\"4875ece9\" data-element_type=\"widget\" data-widget_type=\"heading.default\">\n\t\t\t\t<div class=\"elementor-widget-container\">\n\t\t\t<h2 class=\"elementor-heading-title elementor-size-default\">Alivio hol\u00edstico para <br>la TMJ y las migra\u00f1as<\/h2>\t\t<\/div>\n\t\t\t\t<\/div>\n\t\t\t\t<section class=\"elementor-section elementor-inner-section elementor-element elementor-element-4c0ec7ba elementor-section-full_width elementor-section-height-default elementor-section-height-default wpr-particle-no wpr-jarallax-no wpr-parallax-no wpr-sticky-section-no\" data-id=\"4c0ec7ba\" data-element_type=\"section\">\n\t\t\t\t\t\t<div class=\"elementor-container elementor-column-gap-default\">\n\t\t\t\t\t<div class=\"elementor-column elementor-col-100 elementor-inner-column elementor-element elementor-element-348e03e8\" data-id=\"348e03e8\" data-element_type=\"column\">\n\t\t\t<div class=\"elementor-widget-wrap elementor-element-populated\">\n\t\t\t\t\t\t\t\t<div class=\"elementor-element elementor-element-49c71941 elementor-widget elementor-widget-heading\" data-id=\"49c71941\" data-element_type=\"widget\" data-widget_type=\"heading.default\">\n\t\t\t\t<div class=\"elementor-widget-container\">\n\t\t\t<p class=\"elementor-heading-title elementor-size-default\">Xeomin, a menudo vinculado con mejoras cosm\u00e9ticas, ampl\u00eda sus beneficios para abordar problemas m\u00e9dicos como la ATM y las migra\u00f1as. Al demostrar eficacia para aliviar los s\u00edntomas de la ATM y reducir la frecuencia de las migra\u00f1as, Xeomin ofrece beneficios multifac\u00e9ticos. Si busca no solo una apariencia renovada sino tambi\u00e9n alivio para la ATM o las migra\u00f1as, explore planes de tratamiento personalizados con nuestros profesionales experimentados. Estamos aqu\u00ed para abordar sus inquietudes m\u00e9dicas espec\u00edficas, promoviendo tanto la salud como el bienestar.<\/p>\t\t<\/div>\n\t\t\t\t<\/div>\n\t\t\t\t\t<\/div>\n\t\t<\/div>\n\t\t\t\t\t\t\t<\/div>\n\t\t<\/section>\n\t\t\t\t\t<\/div>\n\t\t<\/div>\n\t\t\t\t\t\t\t<\/div>\n\t\t<\/section>\n\t\t\t\t<section class=\"elementor-section elementor-top-section elementor-element elementor-element-4db8322 elementor-section-content-middle elementor-section-stretched elementor-section-boxed elementor-section-height-default elementor-section-height-default wpr-particle-no wpr-jarallax-no wpr-parallax-no wpr-sticky-section-no\" data-id=\"4db8322\" data-element_type=\"section\" data-settings=\"{&quot;stretch_section&quot;:&quot;section-stretched&quot;,&quot;background_background&quot;:&quot;classic&quot;}\">\n\t\t\t\t\t\t\t<div class=\"elementor-background-overlay\"><\/div>\n\t\t\t\t\t\t\t<div class=\"elementor-container elementor-column-gap-default\">\n\t\t\t\t\t<div class=\"elementor-column elementor-col-100 elementor-top-column elementor-element elementor-element-abe0a9c\" data-id=\"abe0a9c\" data-element_type=\"column\">\n\t\t\t<div class=\"elementor-widget-wrap elementor-element-populated\">\n\t\t\t\t\t\t\t\t<section class=\"elementor-section elementor-inner-section elementor-element elementor-element-81e802c elementor-section-content-middle elementor-section-boxed elementor-section-height-default elementor-section-height-default wpr-particle-no wpr-jarallax-no wpr-parallax-no wpr-sticky-section-no\" data-id=\"81e802c\" data-element_type=\"section\" data-settings=\"{&quot;background_background&quot;:&quot;classic&quot;}\">\n\t\t\t\t\t\t\t<div class=\"elementor-background-overlay\"><\/div>\n\t\t\t\t\t\t\t<div class=\"elementor-container elementor-column-gap-default\">\n\t\t\t\t\t<div class=\"elementor-column elementor-col-33 elementor-inner-column elementor-element elementor-element-0cf8efa\" data-id=\"0cf8efa\" data-element_type=\"column\">\n\t\t\t<div class=\"elementor-widget-wrap elementor-element-populated\">\n\t\t\t\t\t\t\t\t<div class=\"elementor-element elementor-element-f6b6acf elementor-widget elementor-widget-image\" data-id=\"f6b6acf\" data-element_type=\"widget\" data-widget_type=\"image.default\">\n\t\t\t\t<div class=\"elementor-widget-container\">\n\t\t\t<style>\/*! elementor - v3.18.0 - 04-12-2023 *\/\n.elementor-widget-image{text-align:center}.elementor-widget-image a{display:inline-block}.elementor-widget-image a img[src$=\".svg\"]{width:48px}.elementor-widget-image img{vertical-align:middle;display:inline-block}<\/style>\t\t\t\t\t\t\t\t\t\t\t\t<img fetchpriority=\"high\" decoding=\"async\" width=\"276\" height=\"276\" src=\"https:\/\/pivwellness.com\/wp-content\/uploads\/2023\/12\/Line-05.png\" class=\"attachment-full size-full wp-image-13768\" alt=\"\" srcset=\"https:\/\/pivwellness.com\/wp-content\/uploads\/2023\/12\/Line-05.png 276w, https:\/\/pivwellness.com\/wp-content\/uploads\/2023\/12\/Line-05-150x150.png 150w, https:\/\/pivwellness.com\/wp-content\/uploads\/2023\/12\/Line-05-100x100.png 100w\" sizes=\"(max-width: 276px) 100vw, 276px\" \/>\t\t\t\t\t\t\t\t\t\t\t\t\t\t\t<\/div>\n\t\t\t\t<\/div>\n\t\t\t\t\t<\/div>\n\t\t<\/div>\n\t\t\t\t<div class=\"elementor-column elementor-col-33 elementor-inner-column elementor-element elementor-element-c7aa687\" data-id=\"c7aa687\" data-element_type=\"column\">\n\t\t\t<div class=\"elementor-widget-wrap elementor-element-populated\">\n\t\t\t\t\t\t\t\t<div class=\"elementor-element elementor-element-5a094cd elementor-widget elementor-widget-heading\" data-id=\"5a094cd\" data-element_type=\"widget\" data-widget_type=\"heading.default\">\n\t\t\t\t<div class=\"elementor-widget-container\">\n\t\t\t<h4 class=\"elementor-heading-title elementor-size-default\">Aprovecha el momento con Xeomin<\/h4>\t\t<\/div>\n\t\t\t\t<\/div>\n\t\t\t\t<div class=\"elementor-element elementor-element-51305f9 elementor-widget elementor-widget-heading\" data-id=\"51305f9\" data-element_type=\"widget\" data-widget_type=\"heading.default\">\n\t\t\t\t<div class=\"elementor-widget-container\">\n\t\t\t<p class=\"elementor-heading-title elementor-size-default\">Transforma tu apariencia, transforma tu vida: reserva ahora tu sesi\u00f3n personalizada de Xeomin<\/p>\t\t<\/div>\n\t\t\t\t<\/div>\n\t\t\t\t\t<\/div>\n\t\t<\/div>\n\t\t\t\t<div class=\"elementor-column elementor-col-33 elementor-inner-column elementor-element elementor-element-e36549d\" data-id=\"e36549d\" data-element_type=\"column\">\n\t\t\t<div class=\"elementor-widget-wrap elementor-element-populated\">\n\t\t\t\t\t\t\t\t<div class=\"elementor-element elementor-element-8ceb9a7 elementor-align-right elementor-tablet-align-center elementor-widget elementor-widget-button\" data-id=\"8ceb9a7\" data-element_type=\"widget\" data-widget_type=\"button.default\">\n\t\t\t\t<div class=\"elementor-widget-container\">\n\t\t\t\t\t<div class=\"elementor-button-wrapper\">\n\t\t\t<a class=\"elementor-button elementor-button-link elementor-size-md elementor-animation-shrink\" href=\"https:\/\/squareup.com\/appointments\/book\/198ve7ps60d7ux\/LASPQXB3VM0BB\/start\">\n\t\t\t\t\t\t<span class=\"elementor-button-content-wrapper\">\n\t\t\t\t\t\t<span class=\"elementor-button-text\">RESERVAR AHORA<\/span>\n\t\t<\/span>\n\t\t\t\t\t<\/a>\n\t\t<\/div>\n\t\t\t\t<\/div>\n\t\t\t\t<\/div>\n\t\t\t\t\t<\/div>\n\t\t<\/div>\n\t\t\t\t\t\t\t<\/div>\n\t\t<\/section>\n\t\t\t\t\t<\/div>\n\t\t<\/div>\n\t\t\t\t\t\t\t<\/div>\n\t\t<\/section>\n\t\t\t\t\t\t\t<\/div>","protected":false},"excerpt":{"rendered":"<p>Neurotoxin Xeomin Discover Xeomin Revolutionary Neurotoxin Treatment Palma IV Wellness proudly presents Xeomin, a cutting-edge non-surgical solution that transcends traditional wellness offerings. Specialized practitioners administer Xeomin to diminish fine lines and wrinkles, providing a refreshed and youthful appearance. Beyond cosmetic benefits, Xeomin shows promising results in managing medical conditions like chronic migraines and TMJ. Prioritizing [&hellip;]<\/p>","protected":false},"author":1,"featured_media":0,"parent":0,"menu_order":0,"comment_status":"closed","ping_status":"closed","template":"","meta":{"footnotes":""},"_links":{"self":[{"href":"https:\/\/pivwellness.com\/es\/wp-json\/wp\/v2\/pages\/13465"}],"collection":[{"href":"https:\/\/pivwellness.com\/es\/wp-json\/wp\/v2\/pages"}],"about":[{"href":"https:\/\/pivwellness.com\/es\/wp-json\/wp\/v2\/types\/page"}],"author":[{"embeddable":true,"href":"https:\/\/pivwellness.com\/es\/wp-json\/wp\/v2\/users\/1"}],"replies":[{"embeddable":true,"href":"https:\/\/pivwellness.com\/es\/wp-json\/wp\/v2\/comments?post=13465"}],"version-history":[{"count":52,"href":"https:\/\/pivwellness.com\/es\/wp-json\/wp\/v2\/pages\/13465\/revisions"}],"predecessor-version":[{"id":14436,"href":"https:\/\/pivwellness.com\/es\/wp-json\/wp\/v2\/pages\/13465\/revisions\/14436"}],"wp:attachment":[{"href":"https:\/\/pivwellness.com\/es\/wp-json\/wp\/v2\/media?parent=13465"}],"curies":[{"name":"wp","href":"https:\/\/api.w.org\/{rel}","templated":true}]}}